	{"id":712,"date":"2021-08-25T13:39:48","date_gmt":"2021-08-25T10:39:48","guid":{"rendered":"http:\/\/kyminhuv.asiakkaat.sigmatic.fi\/ole\/?page_id=712"},"modified":"2022-04-28T17:35:36","modified_gmt":"2022-04-28T14:35:36","slug":"frontpage","status":"publish","type":"page","link":"https:\/\/www.restauranteole.fi\/en\/","title":{"rendered":"Frontpage"},"content":{"rendered":"\n<p>Founded in 1982, Restaurante Ol\u00e9 offers its legendary dishes in the familiar and cozy environment in the very heart of Kouvola city center.<\/p>\n","protected":false},"excerpt":{"rendered":"<p>Founded in 1982, Restaurante Ol\u00e9 offers its legendary dishes in the familiar and cozy environment in the very heart of Kouvola city center.<\/p>\n","protected":false},"author":4,"featured_media":840,"parent":0,"menu_order":0,"comment_status":"closed","ping_status":"closed","template":"etusivu.php","meta":{"_acf_changed":false,"footnotes":""},"class_list":["post-712","page","type-page","status-publish","has-post-thumbnail","hentry"],"acf":[],"yoast_head":"<!-- This site is optimized with the Yoast SEO plugin v27.2 - https:\/\/yoast.com\/product\/yoast-seo-wordpress\/ -->\n<title>Frontpage - Hyvinsy\u00f6ntipaikka Ol\u00e9<\/title>\n<meta name=\"robots\" content=\"index, follow, max-snippet:-1, max-image-preview:large, max-video-preview:-1\" \/>\n<link rel=\"canonical\" href=\"https:\/\/www.restauranteole.fi\/en\/\" \/>\n<meta property=\"og:locale\" content=\"en_US\" \/>\n<meta property=\"og:type\" content=\"article\" \/>\n<meta property=\"og:title\" content=\"Frontpage - Hyvinsy\u00f6ntipaikka Ol\u00e9\" \/>\n<meta property=\"og:description\" content=\"Founded in 1982, Restaurante Ol\u00e9 offers its legendary dishes in the familiar and cozy environment in the very heart of Kouvola city center.\" \/>\n<meta property=\"og:url\" content=\"https:\/\/www.restauranteole.fi\/en\/\" \/>\n<meta property=\"og:site_name\" content=\"Hyvinsy\u00f6ntipaikka Ol\u00e9\" \/>\n<meta property=\"article:modified_time\" content=\"2022-04-28T14:35:36+00:00\" \/>\n<meta property=\"og:image\" content=\"https:\/\/www.restauranteole.fi\/wp-content\/uploads\/2022\/03\/137.jpg\" \/>\n\t<meta property=\"og:image:width\" content=\"2048\" \/>\n\t<meta property=\"og:image:height\" content=\"1365\" \/>\n\t<meta property=\"og:image:type\" content=\"image\/jpeg\" \/>\n<meta name=\"twitter:card\" content=\"summary_large_image\" \/>\n<meta name=\"twitter:label1\" content=\"Est. reading time\" \/>\n\t<meta name=\"twitter:data1\" content=\"1 minute\" \/>\n<script type=\"application\/ld+json\" class=\"yoast-schema-graph\">{\"@context\":\"https:\/\/schema.org\",\"@graph\":[{\"@type\":\"WebPage\",\"@id\":\"https:\/\/www.restauranteole.fi\/en\/\",\"url\":\"https:\/\/www.restauranteole.fi\/en\/\",\"name\":\"Frontpage - Hyvinsy\u00f6ntipaikka Ol\u00e9\",\"isPartOf\":{\"@id\":\"https:\/\/www.restauranteole.fi\/#website\"},\"primaryImageOfPage\":{\"@id\":\"https:\/\/www.restauranteole.fi\/en\/#primaryimage\"},\"image\":{\"@id\":\"https:\/\/www.restauranteole.fi\/en\/#primaryimage\"},\"thumbnailUrl\":\"https:\/\/www.restauranteole.fi\/wp-content\/uploads\/2022\/03\/137.jpg\",\"datePublished\":\"2021-08-25T10:39:48+00:00\",\"dateModified\":\"2022-04-28T14:35:36+00:00\",\"breadcrumb\":{\"@id\":\"https:\/\/www.restauranteole.fi\/en\/#breadcrumb\"},\"inLanguage\":\"en-US\",\"potentialAction\":[{\"@type\":\"ReadAction\",\"target\":[\"https:\/\/www.restauranteole.fi\/en\/\"]}]},{\"@type\":\"ImageObject\",\"inLanguage\":\"en-US\",\"@id\":\"https:\/\/www.restauranteole.fi\/en\/#primaryimage\",\"url\":\"https:\/\/www.restauranteole.fi\/wp-content\/uploads\/2022\/03\/137.jpg\",\"contentUrl\":\"https:\/\/www.restauranteole.fi\/wp-content\/uploads\/2022\/03\/137.jpg\",\"width\":2048,\"height\":1365},{\"@type\":\"BreadcrumbList\",\"@id\":\"https:\/\/www.restauranteole.fi\/en\/#breadcrumb\",\"itemListElement\":[{\"@type\":\"ListItem\",\"position\":1,\"name\":\"Etusivu\",\"item\":\"https:\/\/www.restauranteole.fi\/en\/\"},{\"@type\":\"ListItem\",\"position\":2,\"name\":\"Frontpage\"}]},{\"@type\":\"WebSite\",\"@id\":\"https:\/\/www.restauranteole.fi\/#website\",\"url\":\"https:\/\/www.restauranteole.fi\/\",\"name\":\"Hyvinsy\u00f6ntipaikka Ol\u00e9\",\"description\":\"Tervetuloa hyvinsy\u00f6m\u00e4\u00e4n!\",\"potentialAction\":[{\"@type\":\"SearchAction\",\"target\":{\"@type\":\"EntryPoint\",\"urlTemplate\":\"https:\/\/www.restauranteole.fi\/?s={search_term_string}\"},\"query-input\":{\"@type\":\"PropertyValueSpecification\",\"valueRequired\":true,\"valueName\":\"search_term_string\"}}],\"inLanguage\":\"en-US\"}]}<\/script>\n<!-- \/ Yoast SEO plugin. -->","yoast_head_json":{"title":"Frontpage - Hyvinsy\u00f6ntipaikka Ol\u00e9","robots":{"index":"index","follow":"follow","max-snippet":"max-snippet:-1","max-image-preview":"max-image-preview:large","max-video-preview":"max-video-preview:-1"},"canonical":"https:\/\/www.restauranteole.fi\/en\/","og_locale":"en_US","og_type":"article","og_title":"Frontpage - Hyvinsy\u00f6ntipaikka Ol\u00e9","og_description":"Founded in 1982, Restaurante Ol\u00e9 offers its legendary dishes in the familiar and cozy environment in the very heart of Kouvola city center.","og_url":"https:\/\/www.restauranteole.fi\/en\/","og_site_name":"Hyvinsy\u00f6ntipaikka Ol\u00e9","article_modified_time":"2022-04-28T14:35:36+00:00","og_image":[{"width":2048,"height":1365,"url":"https:\/\/www.restauranteole.fi\/wp-content\/uploads\/2022\/03\/137.jpg","type":"image\/jpeg"}],"twitter_card":"summary_large_image","twitter_misc":{"Est. reading time":"1 minute"},"schema":{"@context":"https:\/\/schema.org","@graph":[{"@type":"WebPage","@id":"https:\/\/www.restauranteole.fi\/en\/","url":"https:\/\/www.restauranteole.fi\/en\/","name":"Frontpage - Hyvinsy\u00f6ntipaikka Ol\u00e9","isPartOf":{"@id":"https:\/\/www.restauranteole.fi\/#website"},"primaryImageOfPage":{"@id":"https:\/\/www.restauranteole.fi\/en\/#primaryimage"},"image":{"@id":"https:\/\/www.restauranteole.fi\/en\/#primaryimage"},"thumbnailUrl":"https:\/\/www.restauranteole.fi\/wp-content\/uploads\/2022\/03\/137.jpg","datePublished":"2021-08-25T10:39:48+00:00","dateModified":"2022-04-28T14:35:36+00:00","breadcrumb":{"@id":"https:\/\/www.restauranteole.fi\/en\/#breadcrumb"},"inLanguage":"en-US","potentialAction":[{"@type":"ReadAction","target":["https:\/\/www.restauranteole.fi\/en\/"]}]},{"@type":"ImageObject","inLanguage":"en-US","@id":"https:\/\/www.restauranteole.fi\/en\/#primaryimage","url":"https:\/\/www.restauranteole.fi\/wp-content\/uploads\/2022\/03\/137.jpg","contentUrl":"https:\/\/www.restauranteole.fi\/wp-content\/uploads\/2022\/03\/137.jpg","width":2048,"height":1365},{"@type":"BreadcrumbList","@id":"https:\/\/www.restauranteole.fi\/en\/#breadcrumb","itemListElement":[{"@type":"ListItem","position":1,"name":"Etusivu","item":"https:\/\/www.restauranteole.fi\/en\/"},{"@type":"ListItem","position":2,"name":"Frontpage"}]},{"@type":"WebSite","@id":"https:\/\/www.restauranteole.fi\/#website","url":"https:\/\/www.restauranteole.fi\/","name":"Hyvinsy\u00f6ntipaikka Ol\u00e9","description":"Tervetuloa hyvinsy\u00f6m\u00e4\u00e4n!","potentialAction":[{"@type":"SearchAction","target":{"@type":"EntryPoint","urlTemplate":"https:\/\/www.restauranteole.fi\/?s={search_term_string}"},"query-input":{"@type":"PropertyValueSpecification","valueRequired":true,"valueName":"search_term_string"}}],"inLanguage":"en-US"}]}},"_links":{"self":[{"href":"https:\/\/www.restauranteole.fi\/en\/wp-json\/wp\/v2\/pages\/712","targetHints":{"allow":["GET"]}}],"collection":[{"href":"https:\/\/www.restauranteole.fi\/en\/wp-json\/wp\/v2\/pages"}],"about":[{"href":"https:\/\/www.restauranteole.fi\/en\/wp-json\/wp\/v2\/types\/page"}],"author":[{"embeddable":true,"href":"https:\/\/www.restauranteole.fi\/en\/wp-json\/wp\/v2\/users\/4"}],"replies":[{"embeddable":true,"href":"https:\/\/www.restauranteole.fi\/en\/wp-json\/wp\/v2\/comments?post=712"}],"version-history":[{"count":16,"href":"https:\/\/www.restauranteole.fi\/en\/wp-json\/wp\/v2\/pages\/712\/revisions"}],"predecessor-version":[{"id":895,"href":"https:\/\/www.restauranteole.fi\/en\/wp-json\/wp\/v2\/pages\/712\/revisions\/895"}],"wp:featuredmedia":[{"embeddable":true,"href":"https:\/\/www.restauranteole.fi\/en\/wp-json\/wp\/v2\/media\/840"}],"wp:attachment":[{"href":"https:\/\/www.restauranteole.fi\/en\/wp-json\/wp\/v2\/media?parent=712"}],"curies":[{"name":"wp","href":"https:\/\/api.w.org\/{rel}","templated":true}]}}